{"id":136,"date":"2019-03-21T18:10:47","date_gmt":"2019-03-21T17:10:47","guid":{"rendered":"https:\/\/auteur-supsec-workshop-2022.inria.fr\/?page_id=136"},"modified":"2022-04-11T09:37:57","modified_gmt":"2022-04-11T07:37:57","slug":"accueil","status":"publish","type":"page","link":"https:\/\/supsec-workshop-2022.inria.fr\/fr\/","title":{"rendered":"Accueil"},"content":{"rendered":"<p><strong><span style=\"color: #ff0000;\">NOUVEAU<\/span> <span style=\"color: #ff0000;\">:<\/span> Pr\u00e9sentations en ligne dans la page PROGRAMME<\/strong><\/p>\n<p>&nbsp;<\/p>\n<p class=\"chapeau\"><strong><span style=\"font-family: tahoma, arial, helvetica, sans-serif;\">Nous sommes heureux de vous annoncer que le premier <em>Workshop<\/em> portant sur la supervision de s\u00e9curit\u00e9 aura lieu les 15 et 16 mars 2022, \u00e0 l&rsquo;espace conf\u00e9rences Inria du centre.<\/span><\/strong><\/p>\n<p><span style=\"font-family: tahoma, arial, helvetica, sans-serif;\">Ce <em>workshop<\/em> est organis\u00e9 dans le cadre du semestre th\u00e9matique SUPSEC financ\u00e9 par la DGA et op\u00e9r\u00e9 par Inria pour les diff\u00e9rents partenaires.<\/span><\/p>\n<p><span style=\"font-size: 18pt; font-family: tahoma, arial, helvetica, sans-serif; color: #1e98c8;\">Note<\/span><\/p>\n<p><em>Comme pour tout \u00e9v\u00e8nement r\u00e9unissant plus de 50 personnes avec au moins une personne ext\u00e9rieure \u00e0 Inria\/IRISA, l&rsquo;acc\u00e8s au workshop SUPSEC sera soumis au contr\u00f4le du pass vaccinal.<\/em><\/p>","protected":false},"excerpt":{"rendered":"<p>NOUVEAU : Pr\u00e9sentations en ligne dans la page PROGRAMME &nbsp; Nous sommes heureux de vous annoncer que le premier Workshop portant sur la supervision de s\u00e9curit\u00e9 aura lieu les 15 et 16 mars 2022, \u00e0 l&rsquo;espace conf\u00e9rences Inria du centre. Ce workshop est organis\u00e9 dans le cadre du semestre th\u00e9matique\u2026<\/p>\n<p> <a class=\"continue-reading-link\" href=\"https:\/\/supsec-workshop-2022.inria.fr\/fr\/\"><span>Continue reading<\/span><i class=\"crycon-right-dir\"><\/i><\/a> <\/p>\n","protected":false},"author":5,"featured_media":0,"parent":0,"menu_order":0,"comment_status":"closed","ping_status":"closed","template":"","meta":{"footnotes":""},"class_list":["post-136","page","type-page","status-publish","hentry"],"_links":{"self":[{"href":"https:\/\/supsec-workshop-2022.inria.fr\/fr\/wp-json\/wp\/v2\/pages\/136","targetHints":{"allow":["GET"]}}],"collection":[{"href":"https:\/\/supsec-workshop-2022.inria.fr\/fr\/wp-json\/wp\/v2\/pages"}],"about":[{"href":"https:\/\/supsec-workshop-2022.inria.fr\/fr\/wp-json\/wp\/v2\/types\/page"}],"author":[{"embeddable":true,"href":"https:\/\/supsec-workshop-2022.inria.fr\/fr\/wp-json\/wp\/v2\/users\/5"}],"replies":[{"embeddable":true,"href":"https:\/\/supsec-workshop-2022.inria.fr\/fr\/wp-json\/wp\/v2\/comments?post=136"}],"version-history":[{"count":16,"href":"https:\/\/supsec-workshop-2022.inria.fr\/fr\/wp-json\/wp\/v2\/pages\/136\/revisions"}],"predecessor-version":[{"id":305,"href":"https:\/\/supsec-workshop-2022.inria.fr\/fr\/wp-json\/wp\/v2\/pages\/136\/revisions\/305"}],"wp:attachment":[{"href":"https:\/\/supsec-workshop-2022.inria.fr\/fr\/wp-json\/wp\/v2\/media?parent=136"}],"curies":[{"name":"wp","href":"https:\/\/api.w.org\/{rel}","templated":true}]}}